{"id":808,"date":"2019-03-07T09:17:33","date_gmt":"2019-03-07T09:17:33","guid":{"rendered":"https:\/\/blossomthemesdemo.com\/blossom-travel-pro\/?page_id=70"},"modified":"2022-06-30T13:34:42","modified_gmt":"2022-06-30T13:34:42","slug":"lilia-gaertner","status":"publish","type":"page","link":"https:\/\/lg-design.de\/lgstaging\/lilia-gaertner\/","title":{"rendered":"Die Frau dahinter"},"content":{"rendered":"<p>Ich bin <strong>Lilia<\/strong>, gelernte <strong>Kauffrau<\/strong> f\u00fcr B\u00fcromanagement, <strong>Schauwerbegestalterin<\/strong>, <strong>Ordnungsexpertin<\/strong> und <strong>Gr\u00fcnderin<\/strong> von <strong>LG Design. <\/strong>Dein Home Organizer in T\u00fcbingen und Gro\u00dfraum Stuttgart.<\/p>\n<p>Ich liebe es, mehr <strong>Leichtigkeit<\/strong> und <strong>Lebensqualit\u00e4t<\/strong> in das Leben meiner KundInnen zu bringen.<\/p>\n<p>Ich freue mich schon riesig, dich kennenzulernen!<\/p>\n<figure class=\"wp-caption aligncenter\"><img loading=\"lazy\" decoding=\"async\" class=\"alignnone size-medium wp-image-912\" src=\"data:image\/gif;base64,R0lGODlhAQABAAAAACH5BAEKAAEALAAAAAABAAEAAAICTAEAOw==\" data-layzr=\"http:\/\/lg-design.org\/wp-content\/uploads\/2021\/10\/IMG-20210930-WA0008-2-300x300.jpg\" alt=\"\" width=\"300\" height=\"300\" \/><\/figure>\n<p><em>Lilia G\u00e4rtner<\/em><\/p>\n","protected":false},"excerpt":{"rendered":"<p>Ich bin Lilia, gelernte Kauffrau f\u00fcr B\u00fcromanagement, Schauwerbegestalterin, Ordnungsexpertin und Gr\u00fcnderin von LG Design \u2013 Dein Home Organizer in T\u00fcbingen und Gro\u00dfraum Stuttgart.<\/p>\n<p>Ich liebe es, mehr Leichtigkeit und Lebensqualit\u00e4t in das Leben meiner KundInnen zu bringen.<\/p>\n<p>Ich freue mich schon riesig, dich kennenzulernen!<\/p>\n","protected":false},"author":1,"featured_media":957,"parent":0,"menu_order":0,"comment_status":"closed","ping_status":"closed","template":"","meta":{"footnotes":""},"class_list":["post-808","page","type-page","status-publish","has-post-thumbnail","hentry","latest_post"],"yoast_head":"<!-- This site is optimized with the Yoast SEO plugin v27.4 - https:\/\/yoast.com\/product\/yoast-seo-wordpress\/ -->\n<title>Die Frau dahinter<\/title>\n<meta name=\"description\" content=\"LG DESIGN - Dein Homeorganizer, Aufr\u00e4umcoach und Ordnungscoach\" \/>\n<meta name=\"robots\" content=\"noindex, follow, max-snippet:-1, max-image-preview:large, max-video-preview:-1\" \/>\n<meta property=\"og:locale\" content=\"de_DE\" \/>\n<meta property=\"og:type\" content=\"article\" \/>\n<meta property=\"og:title\" content=\"Die Frau dahinter\" \/>\n<meta property=\"og:description\" content=\"LG DESIGN - Dein Homeorganizer, Aufr\u00e4umcoach und Ordnungscoach\" \/>\n<meta property=\"og:url\" content=\"https:\/\/lg-design.de\/lgstaging\/lilia-gaertner\/\" \/>\n<meta property=\"og:site_name\" content=\"LG DESIGN - Dein Homeorganizer, Aufr\u00e4umcoach und Ordnungscoach\" \/>\n<meta property=\"article:publisher\" content=\"https:\/\/www.facebook.com\/LG.Design.Home.Organizer\" \/>\n<meta property=\"article:modified_time\" content=\"2022-06-30T13:34:42+00:00\" \/>\n<meta property=\"og:image\" content=\"https:\/\/lg-design.de\/lgstaging\/wp-content\/uploads\/2021\/10\/fotowand.jpg\" \/>\n\t<meta property=\"og:image:width\" content=\"571\" \/>\n\t<meta property=\"og:image:height\" content=\"737\" \/>\n\t<meta property=\"og:image:type\" content=\"image\/jpeg\" \/>\n<meta name=\"twitter:card\" content=\"summary_large_image\" \/>\n<meta name=\"twitter:label1\" content=\"Gesch\u00e4tzte Lesezeit\" \/>\n\t<meta name=\"twitter:data1\" content=\"1\u00a0Minute\" \/>\n<script type=\"application\/ld+json\" class=\"yoast-schema-graph\">{\"@context\":\"https:\\\/\\\/schema.org\",\"@graph\":[{\"@type\":\"WebPage\",\"@id\":\"https:\\\/\\\/lg-design.de\\\/lgstaging\\\/lilia-gaertner\\\/\",\"url\":\"https:\\\/\\\/lg-design.de\\\/lgstaging\\\/lilia-gaertner\\\/\",\"name\":\"Die Frau dahinter\",\"isPartOf\":{\"@id\":\"https:\\\/\\\/lg-design.de\\\/lgstaging\\\/#website\"},\"primaryImageOfPage\":{\"@id\":\"https:\\\/\\\/lg-design.de\\\/lgstaging\\\/lilia-gaertner\\\/#primaryimage\"},\"image\":{\"@id\":\"https:\\\/\\\/lg-design.de\\\/lgstaging\\\/lilia-gaertner\\\/#primaryimage\"},\"thumbnailUrl\":\"https:\\\/\\\/lg-design.de\\\/lgstaging\\\/wp-content\\\/uploads\\\/2021\\\/10\\\/fotowand.jpg\",\"datePublished\":\"2019-03-07T09:17:33+00:00\",\"dateModified\":\"2022-06-30T13:34:42+00:00\",\"description\":\"LG DESIGN - Dein Homeorganizer, Aufr\u00e4umcoach und Ordnungscoach\",\"breadcrumb\":{\"@id\":\"https:\\\/\\\/lg-design.de\\\/lgstaging\\\/lilia-gaertner\\\/#breadcrumb\"},\"inLanguage\":\"de\",\"potentialAction\":[{\"@type\":\"ReadAction\",\"target\":[\"https:\\\/\\\/lg-design.de\\\/lgstaging\\\/lilia-gaertner\\\/\"]}]},{\"@type\":\"ImageObject\",\"inLanguage\":\"de\",\"@id\":\"https:\\\/\\\/lg-design.de\\\/lgstaging\\\/lilia-gaertner\\\/#primaryimage\",\"url\":\"https:\\\/\\\/lg-design.de\\\/lgstaging\\\/wp-content\\\/uploads\\\/2021\\\/10\\\/fotowand.jpg\",\"contentUrl\":\"https:\\\/\\\/lg-design.de\\\/lgstaging\\\/wp-content\\\/uploads\\\/2021\\\/10\\\/fotowand.jpg\",\"width\":571,\"height\":737,\"caption\":\"LG DESIGN - Dein Home Organizer im Raum Stuttgart\"},{\"@type\":\"BreadcrumbList\",\"@id\":\"https:\\\/\\\/lg-design.de\\\/lgstaging\\\/lilia-gaertner\\\/#breadcrumb\",\"itemListElement\":[{\"@type\":\"ListItem\",\"position\":1,\"name\":\"Startseite\",\"item\":\"https:\\\/\\\/lg-design.de\\\/lgstaging\\\/\"},{\"@type\":\"ListItem\",\"position\":2,\"name\":\"Die Frau dahinter\"}]},{\"@type\":\"WebSite\",\"@id\":\"https:\\\/\\\/lg-design.de\\\/lgstaging\\\/#website\",\"url\":\"https:\\\/\\\/lg-design.de\\\/lgstaging\\\/\",\"name\":\"LG DESIGN - Dein Homeorganizer, Aufr\u00e4umcoach und Ordnungscoach\",\"description\":\"Dein Home Organizer im Raum Stuttgart\",\"publisher\":{\"@id\":\"https:\\\/\\\/lg-design.de\\\/lgstaging\\\/#organization\"},\"potentialAction\":[{\"@type\":\"SearchAction\",\"target\":{\"@type\":\"EntryPoint\",\"urlTemplate\":\"https:\\\/\\\/lg-design.de\\\/lgstaging\\\/?s={search_term_string}\"},\"query-input\":{\"@type\":\"PropertyValueSpecification\",\"valueRequired\":true,\"valueName\":\"search_term_string\"}}],\"inLanguage\":\"de\"},{\"@type\":\"Organization\",\"@id\":\"https:\\\/\\\/lg-design.de\\\/lgstaging\\\/#organization\",\"name\":\"LG DESIGN - Dein Home Organizer\",\"url\":\"https:\\\/\\\/lg-design.de\\\/lgstaging\\\/\",\"logo\":{\"@type\":\"ImageObject\",\"inLanguage\":\"de\",\"@id\":\"https:\\\/\\\/lg-design.de\\\/lgstaging\\\/#\\\/schema\\\/logo\\\/image\\\/\",\"url\":\"https:\\\/\\\/lg-design.org\\\/wp-content\\\/uploads\\\/2021\\\/09\\\/logo-square-green-light.jpg\",\"contentUrl\":\"https:\\\/\\\/lg-design.org\\\/wp-content\\\/uploads\\\/2021\\\/09\\\/logo-square-green-light.jpg\",\"width\":1280,\"height\":1280,\"caption\":\"LG DESIGN - Dein Home Organizer\"},\"image\":{\"@id\":\"https:\\\/\\\/lg-design.de\\\/lgstaging\\\/#\\\/schema\\\/logo\\\/image\\\/\"},\"sameAs\":[\"https:\\\/\\\/www.facebook.com\\\/LG.Design.Home.Organizer\",\"https:\\\/\\\/www.instagram.com\\\/lg.design.home.organizer\\\/\"]}]}<\/script>\n<!-- \/ Yoast SEO plugin. -->","yoast_head_json":{"title":"Die Frau dahinter","description":"LG DESIGN - Dein Homeorganizer, Aufr\u00e4umcoach und Ordnungscoach","robots":{"index":"noindex","follow":"follow","max-snippet":"max-snippet:-1","max-image-preview":"max-image-preview:large","max-video-preview":"max-video-preview:-1"},"og_locale":"de_DE","og_type":"article","og_title":"Die Frau dahinter","og_description":"LG DESIGN - Dein Homeorganizer, Aufr\u00e4umcoach und Ordnungscoach","og_url":"https:\/\/lg-design.de\/lgstaging\/lilia-gaertner\/","og_site_name":"LG DESIGN - Dein Homeorganizer, Aufr\u00e4umcoach und Ordnungscoach","article_publisher":"https:\/\/www.facebook.com\/LG.Design.Home.Organizer","article_modified_time":"2022-06-30T13:34:42+00:00","og_image":[{"width":571,"height":737,"url":"https:\/\/lg-design.de\/lgstaging\/wp-content\/uploads\/2021\/10\/fotowand.jpg","type":"image\/jpeg"}],"twitter_card":"summary_large_image","twitter_misc":{"Gesch\u00e4tzte Lesezeit":"1\u00a0Minute"},"schema":{"@context":"https:\/\/schema.org","@graph":[{"@type":"WebPage","@id":"https:\/\/lg-design.de\/lgstaging\/lilia-gaertner\/","url":"https:\/\/lg-design.de\/lgstaging\/lilia-gaertner\/","name":"Die Frau dahinter","isPartOf":{"@id":"https:\/\/lg-design.de\/lgstaging\/#website"},"primaryImageOfPage":{"@id":"https:\/\/lg-design.de\/lgstaging\/lilia-gaertner\/#primaryimage"},"image":{"@id":"https:\/\/lg-design.de\/lgstaging\/lilia-gaertner\/#primaryimage"},"thumbnailUrl":"https:\/\/lg-design.de\/lgstaging\/wp-content\/uploads\/2021\/10\/fotowand.jpg","datePublished":"2019-03-07T09:17:33+00:00","dateModified":"2022-06-30T13:34:42+00:00","description":"LG DESIGN - Dein Homeorganizer, Aufr\u00e4umcoach und Ordnungscoach","breadcrumb":{"@id":"https:\/\/lg-design.de\/lgstaging\/lilia-gaertner\/#breadcrumb"},"inLanguage":"de","potentialAction":[{"@type":"ReadAction","target":["https:\/\/lg-design.de\/lgstaging\/lilia-gaertner\/"]}]},{"@type":"ImageObject","inLanguage":"de","@id":"https:\/\/lg-design.de\/lgstaging\/lilia-gaertner\/#primaryimage","url":"https:\/\/lg-design.de\/lgstaging\/wp-content\/uploads\/2021\/10\/fotowand.jpg","contentUrl":"https:\/\/lg-design.de\/lgstaging\/wp-content\/uploads\/2021\/10\/fotowand.jpg","width":571,"height":737,"caption":"LG DESIGN - Dein Home Organizer im Raum Stuttgart"},{"@type":"BreadcrumbList","@id":"https:\/\/lg-design.de\/lgstaging\/lilia-gaertner\/#breadcrumb","itemListElement":[{"@type":"ListItem","position":1,"name":"Startseite","item":"https:\/\/lg-design.de\/lgstaging\/"},{"@type":"ListItem","position":2,"name":"Die Frau dahinter"}]},{"@type":"WebSite","@id":"https:\/\/lg-design.de\/lgstaging\/#website","url":"https:\/\/lg-design.de\/lgstaging\/","name":"LG DESIGN - Dein Homeorganizer, Aufr\u00e4umcoach und Ordnungscoach","description":"Dein Home Organizer im Raum Stuttgart","publisher":{"@id":"https:\/\/lg-design.de\/lgstaging\/#organization"},"potentialAction":[{"@type":"SearchAction","target":{"@type":"EntryPoint","urlTemplate":"https:\/\/lg-design.de\/lgstaging\/?s={search_term_string}"},"query-input":{"@type":"PropertyValueSpecification","valueRequired":true,"valueName":"search_term_string"}}],"inLanguage":"de"},{"@type":"Organization","@id":"https:\/\/lg-design.de\/lgstaging\/#organization","name":"LG DESIGN - Dein Home Organizer","url":"https:\/\/lg-design.de\/lgstaging\/","logo":{"@type":"ImageObject","inLanguage":"de","@id":"https:\/\/lg-design.de\/lgstaging\/#\/schema\/logo\/image\/","url":"https:\/\/lg-design.org\/wp-content\/uploads\/2021\/09\/logo-square-green-light.jpg","contentUrl":"https:\/\/lg-design.org\/wp-content\/uploads\/2021\/09\/logo-square-green-light.jpg","width":1280,"height":1280,"caption":"LG DESIGN - Dein Home Organizer"},"image":{"@id":"https:\/\/lg-design.de\/lgstaging\/#\/schema\/logo\/image\/"},"sameAs":["https:\/\/www.facebook.com\/LG.Design.Home.Organizer","https:\/\/www.instagram.com\/lg.design.home.organizer\/"]}]}},"_links":{"self":[{"href":"https:\/\/lg-design.de\/lgstaging\/wp-json\/wp\/v2\/pages\/808","targetHints":{"allow":["GET"]}}],"collection":[{"href":"https:\/\/lg-design.de\/lgstaging\/wp-json\/wp\/v2\/pages"}],"about":[{"href":"https:\/\/lg-design.de\/lgstaging\/wp-json\/wp\/v2\/types\/page"}],"author":[{"embeddable":true,"href":"https:\/\/lg-design.de\/lgstaging\/wp-json\/wp\/v2\/users\/1"}],"replies":[{"embeddable":true,"href":"https:\/\/lg-design.de\/lgstaging\/wp-json\/wp\/v2\/comments?post=808"}],"version-history":[{"count":8,"href":"https:\/\/lg-design.de\/lgstaging\/wp-json\/wp\/v2\/pages\/808\/revisions"}],"predecessor-version":[{"id":1342,"href":"https:\/\/lg-design.de\/lgstaging\/wp-json\/wp\/v2\/pages\/808\/revisions\/1342"}],"wp:featuredmedia":[{"embeddable":true,"href":"https:\/\/lg-design.de\/lgstaging\/wp-json\/wp\/v2\/media\/957"}],"wp:attachment":[{"href":"https:\/\/lg-design.de\/lgstaging\/wp-json\/wp\/v2\/media?parent=808"}],"curies":[{"name":"wp","href":"https:\/\/api.w.org\/{rel}","templated":true}]}}