{"id":806,"date":"2019-03-07T06:46:21","date_gmt":"2019-03-07T06:46:21","guid":{"rendered":"https:\/\/blossomthemesdemo.com\/blossom-travel-pro\/?page_id=8"},"modified":"2024-09-25T19:12:53","modified_gmt":"2024-09-25T19:12:53","slug":"lg-design","status":"publish","type":"page","link":"https:\/\/lg-design.de\/lgstaging\/","title":{"rendered":"Home"},"content":{"rendered":"\n\n\n<p class=\"has-text-align-center\">LG Design ist Dein professioneller <strong>Home Organizer<\/strong>\u00a0 und <strong>Ordnungscoach<\/strong> in <strong>T\u00fcbingen<\/strong> und <strong>Gro\u00dfraum Stuttgart<\/strong>. Wir verhelfen Dir zu mehr <strong>Lebensqualit\u00e4t<\/strong>, indem wir mit Dir gemeinsam Dein Leben Schritt f\u00fcr Schritt <strong>vereinfachen<\/strong> und <strong>strukturieren<\/strong>. Gemeinsam <strong>sortieren<\/strong>, <strong>ordnen<\/strong> und <strong>gestalten<\/strong> wir Deine Wohn- und Arbeitsbereiche neu und schaffen Dir <strong>mehr Raum<\/strong> f\u00fcr die <strong>wirklich wichtigen Dinge im Leben<\/strong>.\u00a0<\/p>\n\n\n\n<p class=\"has-text-align-center\">Bist Du bereit f\u00fcr weniger Ballast und mehr <strong>Style<\/strong> und <strong>Freiraum<\/strong>?<\/p>\n\n\n\n<div class=\"wp-block-buttons is-content-justification-center is-layout-flex wp-container-core-buttons-is-layout-16018d1d wp-block-buttons-is-layout-flex\">\n<div class=\"wp-block-button is-style-fill\"><a class=\"wp-block-button__link has-text-align-center wp-element-button\">Jetzt f\u00fcr kostenloses Erstgespr\u00e4ch bewerben<\/a><\/div>\n<\/div>\n\n\n\n<h2 class=\"wp-block-heading\">Erwecke Deine R\u00e4ume zum Leben<\/h2>\n\n\n\n<div class=\"wp-block-group\"><div class=\"wp-block-group__inner-container is-layout-constrained wp-block-group-is-layout-constrained\">\n<div class=\"wp-block-columns is-layout-flex wp-container-core-columns-is-layout-9d6595d7 wp-block-columns-is-layout-flex\">\n<div class=\"wp-block-column is-layout-flow wp-block-column-is-layout-flow\" style=\"flex-basis:100%\">\n<div class=\"wp-block-group is-layout-grid wp-container-core-group-is-layout-6059c0ab wp-block-group-is-layout-grid\">\n<figure class=\"wp-block-image size-large wp-container-content-574e1f9d\"><img decoding=\"async\" src=\"data:image\/gif;base64,R0lGODlhAQABAAAAACH5BAEKAAEALAAAAAABAAEAAAICTAEAOw==\" data-layzr=\"https:\/\/lg-design.de\/lgstaging\/wp-content\/uploads\/2021\/10\/pexels-anastasia-shuraeva-5704839-1-scaled-e1634760701378-577x1024.jpg\" alt=\"Sortieren \" class=\"wp-image-934\"\/><figcaption class=\"wp-element-caption\"><mark style=\"background-color:var(--ast-global-color-4)\" class=\"has-inline-color has-ast-global-color-3-color\">Sortieren<\/mark><\/figcaption><\/figure>\n<\/div>\n<\/div>\n<\/div>\n<\/div><\/div>\n\n\n\n<p><\/p>\n\n\n\n<h2 class=\"wp-block-heading\">Dein Ordnungscoach erweckt Deine R\u00c4UME zum Leben<\/h2>\n\n\n\n<p>Jeder Raum in Deinem Heim kann sch\u00f6n und gleichzeitig funktional sein. Um das Beste herauszuholen, arbeiten wir in drei Schritten:<\/p>\n\n\n\n<ol class=\"wp-block-list\">\n<li>aussortieren<\/li>\n<\/ol>\n\n\n\n<p>Wir fangen mit dem Aussortieren an. Das ist der erste Schritt zu mehr Einfachheit. Die Schr\u00e4nke werden komplett leerger\u00e4umt und wir verschaffen uns einen \u00dcberblick. Nur die Dinge, die Du f\u00fcr deine jetzige Lebenssituation brauchst, werden sinnvoll einger\u00e4umt. &nbsp;Alles andere lassen wir.<\/p>\n\n\n\n<p><strong>Das erwartet Dich:<\/strong><\/p>\n\n\n\n<ul class=\"wp-block-list\">\n<li>Wir stellen dir die richtigen Fragen<\/li>\n\n\n\n<li>Du lernst, loszulassen<\/li>\n\n\n\n<li>Du kannst mit weniger Leben<\/li>\n\n\n\n<li>aus irgendwann wird jetzt<\/li>\n\n\n\n<li>Wir teilen, spenden, entsorgen<\/li>\n\n\n\n<li>Du kannst die neue Freiheit schon sp\u00fcren<\/li>\n<\/ul>\n\n\n\n<ol start=\"2\" class=\"wp-block-list\">\n<li>ordnen<\/li>\n<\/ol>\n\n\n\n<p>Wir schaffen Raum f\u00fcr Raum mehr Ordnung und Klarheit. Daf\u00fcr werden alle Sachen sorgf\u00e4ltig kategorisiert und strukturiert. Du beh\u00e4lst nur die Dinge, die Dir Freude bereiten.<\/p>\n\n\n\n<p><strong>So gehen wir vor:<\/strong><\/p>\n\n\n\n<ul class=\"wp-block-list\">\n<li>Wir machen eine Bestandsaufnahme<\/li>\n\n\n\n<li>Gemeinsam setzen wir Etappenziele, die Du auch erreichen kannst<\/li>\n\n\n\n<li>Zusammen erstellen wir einen Zeitplan<\/li>\n\n\n\n<li>Wir etablieren Ordnungshelfer und setzen diese sinnvoll ein<\/li>\n\n\n\n<li>alles findet seinen festen Platz<\/li>\n<\/ul>\n\n\n\n<ol start=\"3\" class=\"wp-block-list\">\n<li>gestalten<\/li>\n<\/ol>\n\n\n\n<p>Wir gestalten dein Zuhause mit sorgf\u00e4ltig ausgesuchten Wohnaccessoires und selbstgestalteten Highlights.<\/p>\n\n\n\n<p>Darauf legen wir Wert:<\/p>\n\n\n\n<ul class=\"wp-block-list\">\n<li>Dein neuer Style passt zu Dir und Deiner Lebenssituation<\/li>\n\n\n\n<li>Nachhaltig zu leben ist im Fokus<\/li>\n\n\n\n<li>Wir setzen Farbakzente<\/li>\n\n\n\n<li>Du bekommst neue Aufbewahrungs\u00adm\u00f6glichkeiten<\/li>\n\n\n\n<li>Deine R\u00e4umlichkeiten strahlen Leichtigkeit und Ruhe aus<\/li>\n<\/ul>\n\n\n\n<h2 class=\"wp-block-heading\">Organizing -f\u00fcr mehr Leichtigkeit und Lebensqualit\u00e4t<\/h2>\n\n\n\n<p>Von au\u00dfen nach Innen &#8211; gib Deinem Leben mehr Ordnung und Struktur. Das Gef\u00fchl von st\u00e4ndiger \u00dcberforderung ist oft das Ergebnis vieler unerledigter Dinge von denen wir wissen, dass wir sie eigentlich tun sollten. Ordnung in Deinem Leben bedeutet nicht mehr Arbeit, sondern immer zu wissen, wo Deine Dinge sind. Eine Struktur in Deinem Alltag hilft Dir, Deine Zeit besser einzuteilen und mehr Zeit f\u00fcr die wirklich wichtigen Dinge im Leben zu haben. So schaffen wir gemeinsam mehr Freiraum in deinen R\u00e4uen und in Deinem Kopf &#8211; f\u00fcr mehr Leichtigkeit und Lebensqualit\u00e4t!<\/p>\n\n\n\n<h2 class=\"wp-block-heading\">So kommst Du zu mehr Ordnung in Deinem Leben<\/h2>\n\n\n\n<ol class=\"wp-block-list\">\n<li>Du buchst Dein kostenloses Erstgespr\u00e4ch. In einem Bis zu 30 min\u00fctigen Telefonat finden wir heraus, was das passende Angebot f\u00fcr Dich ist und wie wir Dir am besten helfen k\u00f6nnen.<\/li>\n\n\n\n<li>Du entscheidest Dich f\u00fcr ein Paket<\/li>\n\n\n\n<li>Wir vereinfachen gemeinsam Dein Leben<\/li>\n<\/ol>\n\n\n\n<p>Du m\u00f6chtest Zuhause wieder Freiraum, um zu tr\u00e4umen, zu genie\u00dfen und Dich wohlzuf\u00fchlen? Dann mache noch heute den ersten Schritt zur Ver\u00e4nderung:<\/p>\n\n\n\n<h2 class=\"wp-block-heading\">Hole Dir Deinen Home Organizer nach Hause!<\/h2>\n\n\n\n<p>In einem kostenlosen 30 Min. Beratungsgespr\u00e4ch k\u00f6nnen wir herausfinden, wie Du Deine Lebensqualit\u00e4t am Besten steigern kannst und was dazu die richtige Strategie ist. Das Beste daran: Wir ordnen, strukturieren und versch\u00f6nern nicht nur einmalig Deinen Alltag sondern geben Dir einen Guide an die Hand, der Dein Leben dauerhaft verbessern wird.<br><br>Worauf wartest Du noch &#8211; buche einfach Dein kostenloses und unverbindliches Beratungsgespr\u00e4ch: 01772643320.<\/p>\n\n\n\n<p><a href=\"https:\/\/lg-design.org\/#kontakt\"><em>Buche jetzt Dein kostenloses Erstgespr\u00e4ch<\/em><\/a><\/p>\n\n\n\n<h2 class=\"wp-block-heading\">Professional Organizing im Trend &#8211; Marie Kond\u014d<\/h2>\n\n\n\n<p>Professional Organizing ist das gleiche wie Home Organizing. Man nennt uns auch Home Organizer, Ordnungscoach, Ordnungsservice,&nbsp; Aufr\u00e4umcoach, oder ein professional organizer.<\/p>\n\n\n\n<p><a href=\"https:\/\/de.wikipedia.org\/wiki\/Marie_Kond%C5%8D\">Marie Kond\u014d<\/a>, oder auch Kon Mari genannt, ist vermutlich die bekannteste Ordnungsberaterin weltweit. Ihre Aufr\u00e4umtipps traten einen regelrechten Boom des Aufr\u00e4umens und der Ordnung in Schlaf- Ess- und Wohnzimmern los und wurde weltweit zum Trend. Vor allem in den USA erfreut sich die die geb\u00fcrtige Japanerin Marie Kond\u014d einer sehr gro\u00dfen Fangemeinde, und auch in Deutschland wird Ihr Sinn f\u00fcr Ordnung und Leichtigkeit immer mehr zum Trend.&nbsp;<\/p>\n\n\n\n<p>LG DESIGN &#8211; Dein Home Organizer nimmt diesen Trend und vor allem Bedarf auf und hilft Singles, Paaren und Familien mit Kindern bei der Organisation ihres Alltags und Zusammenlebens.&nbsp;&nbsp;<\/p>\n\n\n\n<p>Wir helfen Die beim Umzug, Aufr\u00e4umen, Einrichten, Gestalten, oder geben Hilfe beim Einrichten einer Wohnung. Wir lieben Homeorganisation und kommen gerne zu unseren Kunden in Stuttgart, B\u00f6blingen, T\u00fcbingen, Reutlingen, Sindelfingen und im ganzen s\u00fcdlichen Raum Stuttgart.<\/p>\n\n\n\n<h2 class=\"wp-block-heading\">Deine Ordnungsexpertin<\/h2>\n\n\n\n<p>Hi, ich bin Lilia, gelernte Kauffrau f\u00fcr B\u00fcromanagement, Schauwerbegestalterin, Ordnungsexpertin und Gr\u00fcnderin von LG Design \u2013 Dein Home Organizer in T\u00fcbingen und Gro\u00dfraum Stuttgart. Ich liebe es, mehr Leichtigkeit und Lebensqualit\u00e4t in das Leben meiner KundInnen zu bringen. Ich freue mich schon riesig, dich kennenzulernen!<\/p>\n\n\n\n<div class=\"wp-block-group alignfull\"><div class=\"wp-block-group__inner-container is-layout-constrained wp-block-group-is-layout-constrained\"><\/div><\/div>\n","protected":false},"excerpt":{"rendered":"<p>LG Design<br \/>\nDein professioneller Home Organizer in T\u00fcbingen und Gro\u00dfraum Stuttgart<\/p>\n<p>Wir verhelfen Dir zu mehr Lebensqualit\u00e4t, indem wir mit Dir gemeinsam Dein Leben nachhaltig vereinfachen.<\/p>\n<p>Daf\u00fcr reduzieren, strukturieren und stylen wir Deine Wohn- und Arbeitsbereiche neu und schaffen Dir mehr Raum f\u00fcr die wirklich wichtigen Dinge im Leben.\u00a0<\/p>\n<p>Bist Du bereit f\u00fcr weniger Ballast und mehr Style und Freiraum?<\/p>\n","protected":false},"author":1,"featured_media":1508,"parent":0,"menu_order":0,"comment_status":"closed","ping_status":"closed","template":"","meta":{"footnotes":""},"class_list":["post-806","page","type-page","status-publish","has-post-thumbnail","hentry","latest_post"],"yoast_head":"<!-- This site is optimized with the Yoast SEO plugin v27.4 - https:\/\/yoast.com\/product\/yoast-seo-wordpress\/ -->\n<title>LG DESIGN - Dein Home Organizer im Raum Stuttgart<\/title>\n<meta name=\"description\" content=\"\u2713 Vereinfache und strukturiere Dein Leben \u2713 Erhalte mehr Lebensqualit\u00e4t \u260e Buche jetzt Dein kostenloses Erstgespr\u00e4ch mit Deinem Home Organizer!\" \/>\n<meta name=\"robots\" content=\"noindex, follow, max-snippet:-1, max-image-preview:large, max-video-preview:-1\" \/>\n<meta property=\"og:locale\" content=\"de_DE\" \/>\n<meta property=\"og:type\" content=\"article\" \/>\n<meta property=\"og:title\" content=\"LG DESIGN - Dein Home Organizer\" \/>\n<meta property=\"og:description\" content=\"Wir verhelfen Dir zu mehr Lebensqualit\u00e4t, indem wir mit Dir gemeinsam Dein Leben Schritt f\u00fcr Schritt vereinfachen und strukturieren.\" \/>\n<meta property=\"og:url\" content=\"https:\/\/lg-design.de\/lgstaging\/\" \/>\n<meta property=\"og:site_name\" content=\"LG DESIGN - Dein Homeorganizer, Aufr\u00e4umcoach und Ordnungscoach\" \/>\n<meta property=\"article:publisher\" content=\"https:\/\/www.facebook.com\/LG.Design.Home.Organizer\" \/>\n<meta property=\"article:modified_time\" content=\"2024-09-25T19:12:53+00:00\" \/>\n<meta property=\"og:image\" content=\"https:\/\/lg-design.de\/lgstaging\/wp-content\/uploads\/2021\/10\/pexels-anastasia-shuraeva-5705477-scaled.jpg\" \/>\n\t<meta property=\"og:image:width\" content=\"1707\" \/>\n\t<meta property=\"og:image:height\" content=\"2560\" \/>\n\t<meta property=\"og:image:type\" content=\"image\/jpeg\" \/>\n<meta name=\"twitter:card\" content=\"summary_large_image\" \/>\n<meta name=\"twitter:label1\" content=\"Gesch\u00e4tzte Lesezeit\" \/>\n\t<meta name=\"twitter:data1\" content=\"4\u00a0Minuten\" \/>\n<script type=\"application\/ld+json\" class=\"yoast-schema-graph\">{\"@context\":\"https:\\\/\\\/schema.org\",\"@graph\":[{\"@type\":\"WebPage\",\"@id\":\"https:\\\/\\\/lg-design.de\\\/lgstaging\\\/\",\"url\":\"https:\\\/\\\/lg-design.de\\\/lgstaging\\\/\",\"name\":\"LG DESIGN - Dein Home Organizer im Raum Stuttgart\",\"isPartOf\":{\"@id\":\"https:\\\/\\\/lg-design.de\\\/lgstaging\\\/#website\"},\"primaryImageOfPage\":{\"@id\":\"https:\\\/\\\/lg-design.de\\\/lgstaging\\\/#primaryimage\"},\"image\":{\"@id\":\"https:\\\/\\\/lg-design.de\\\/lgstaging\\\/#primaryimage\"},\"thumbnailUrl\":\"https:\\\/\\\/lg-design.de\\\/lgstaging\\\/wp-content\\\/uploads\\\/2024\\\/09\\\/kr-design_tablet.jpg\",\"datePublished\":\"2019-03-07T06:46:21+00:00\",\"dateModified\":\"2024-09-25T19:12:53+00:00\",\"description\":\"\u2713 Vereinfache und strukturiere Dein Leben \u2713 Erhalte mehr Lebensqualit\u00e4t \u260e Buche jetzt Dein kostenloses Erstgespr\u00e4ch mit Deinem Home Organizer!\",\"breadcrumb\":{\"@id\":\"https:\\\/\\\/lg-design.de\\\/lgstaging\\\/#breadcrumb\"},\"inLanguage\":\"de\",\"potentialAction\":[{\"@type\":\"ReadAction\",\"target\":[\"https:\\\/\\\/lg-design.de\\\/lgstaging\\\/\"]}]},{\"@type\":\"ImageObject\",\"inLanguage\":\"de\",\"@id\":\"https:\\\/\\\/lg-design.de\\\/lgstaging\\\/#primaryimage\",\"url\":\"https:\\\/\\\/lg-design.de\\\/lgstaging\\\/wp-content\\\/uploads\\\/2024\\\/09\\\/kr-design_tablet.jpg\",\"contentUrl\":\"https:\\\/\\\/lg-design.de\\\/lgstaging\\\/wp-content\\\/uploads\\\/2024\\\/09\\\/kr-design_tablet.jpg\",\"width\":1600,\"height\":900,\"caption\":\"LG-Design - Dein Home-Organizer\"},{\"@type\":\"BreadcrumbList\",\"@id\":\"https:\\\/\\\/lg-design.de\\\/lgstaging\\\/#breadcrumb\",\"itemListElement\":[{\"@type\":\"ListItem\",\"position\":1,\"name\":\"Startseite\",\"item\":\"https:\\\/\\\/lg-design.de\\\/lgstaging\\\/\"},{\"@type\":\"ListItem\",\"position\":2,\"name\":\"Home\"}]},{\"@type\":\"WebSite\",\"@id\":\"https:\\\/\\\/lg-design.de\\\/lgstaging\\\/#website\",\"url\":\"https:\\\/\\\/lg-design.de\\\/lgstaging\\\/\",\"name\":\"LG DESIGN - Dein Homeorganizer, Aufr\u00e4umcoach und Ordnungscoach\",\"description\":\"Dein Home Organizer im Raum Stuttgart\",\"publisher\":{\"@id\":\"https:\\\/\\\/lg-design.de\\\/lgstaging\\\/#organization\"},\"potentialAction\":[{\"@type\":\"SearchAction\",\"target\":{\"@type\":\"EntryPoint\",\"urlTemplate\":\"https:\\\/\\\/lg-design.de\\\/lgstaging\\\/?s={search_term_string}\"},\"query-input\":{\"@type\":\"PropertyValueSpecification\",\"valueRequired\":true,\"valueName\":\"search_term_string\"}}],\"inLanguage\":\"de\"},{\"@type\":\"Organization\",\"@id\":\"https:\\\/\\\/lg-design.de\\\/lgstaging\\\/#organization\",\"name\":\"LG DESIGN - Dein Home Organizer\",\"url\":\"https:\\\/\\\/lg-design.de\\\/lgstaging\\\/\",\"logo\":{\"@type\":\"ImageObject\",\"inLanguage\":\"de\",\"@id\":\"https:\\\/\\\/lg-design.de\\\/lgstaging\\\/#\\\/schema\\\/logo\\\/image\\\/\",\"url\":\"https:\\\/\\\/lg-design.org\\\/wp-content\\\/uploads\\\/2021\\\/09\\\/logo-square-green-light.jpg\",\"contentUrl\":\"https:\\\/\\\/lg-design.org\\\/wp-content\\\/uploads\\\/2021\\\/09\\\/logo-square-green-light.jpg\",\"width\":1280,\"height\":1280,\"caption\":\"LG DESIGN - Dein Home Organizer\"},\"image\":{\"@id\":\"https:\\\/\\\/lg-design.de\\\/lgstaging\\\/#\\\/schema\\\/logo\\\/image\\\/\"},\"sameAs\":[\"https:\\\/\\\/www.facebook.com\\\/LG.Design.Home.Organizer\",\"https:\\\/\\\/www.instagram.com\\\/lg.design.home.organizer\\\/\"]}]}<\/script>\n<!-- \/ Yoast SEO plugin. -->","yoast_head_json":{"title":"LG DESIGN - Dein Home Organizer im Raum Stuttgart","description":"\u2713 Vereinfache und strukturiere Dein Leben \u2713 Erhalte mehr Lebensqualit\u00e4t \u260e Buche jetzt Dein kostenloses Erstgespr\u00e4ch mit Deinem Home Organizer!","robots":{"index":"noindex","follow":"follow","max-snippet":"max-snippet:-1","max-image-preview":"max-image-preview:large","max-video-preview":"max-video-preview:-1"},"og_locale":"de_DE","og_type":"article","og_title":"LG DESIGN - Dein Home Organizer","og_description":"Wir verhelfen Dir zu mehr Lebensqualit\u00e4t, indem wir mit Dir gemeinsam Dein Leben Schritt f\u00fcr Schritt vereinfachen und strukturieren.","og_url":"https:\/\/lg-design.de\/lgstaging\/","og_site_name":"LG DESIGN - Dein Homeorganizer, Aufr\u00e4umcoach und Ordnungscoach","article_publisher":"https:\/\/www.facebook.com\/LG.Design.Home.Organizer","article_modified_time":"2024-09-25T19:12:53+00:00","og_image":[{"width":1707,"height":2560,"url":"https:\/\/lg-design.de\/lgstaging\/wp-content\/uploads\/2021\/10\/pexels-anastasia-shuraeva-5705477-scaled.jpg","type":"image\/jpeg"}],"twitter_card":"summary_large_image","twitter_misc":{"Gesch\u00e4tzte Lesezeit":"4\u00a0Minuten"},"schema":{"@context":"https:\/\/schema.org","@graph":[{"@type":"WebPage","@id":"https:\/\/lg-design.de\/lgstaging\/","url":"https:\/\/lg-design.de\/lgstaging\/","name":"LG DESIGN - Dein Home Organizer im Raum Stuttgart","isPartOf":{"@id":"https:\/\/lg-design.de\/lgstaging\/#website"},"primaryImageOfPage":{"@id":"https:\/\/lg-design.de\/lgstaging\/#primaryimage"},"image":{"@id":"https:\/\/lg-design.de\/lgstaging\/#primaryimage"},"thumbnailUrl":"https:\/\/lg-design.de\/lgstaging\/wp-content\/uploads\/2024\/09\/kr-design_tablet.jpg","datePublished":"2019-03-07T06:46:21+00:00","dateModified":"2024-09-25T19:12:53+00:00","description":"\u2713 Vereinfache und strukturiere Dein Leben \u2713 Erhalte mehr Lebensqualit\u00e4t \u260e Buche jetzt Dein kostenloses Erstgespr\u00e4ch mit Deinem Home Organizer!","breadcrumb":{"@id":"https:\/\/lg-design.de\/lgstaging\/#breadcrumb"},"inLanguage":"de","potentialAction":[{"@type":"ReadAction","target":["https:\/\/lg-design.de\/lgstaging\/"]}]},{"@type":"ImageObject","inLanguage":"de","@id":"https:\/\/lg-design.de\/lgstaging\/#primaryimage","url":"https:\/\/lg-design.de\/lgstaging\/wp-content\/uploads\/2024\/09\/kr-design_tablet.jpg","contentUrl":"https:\/\/lg-design.de\/lgstaging\/wp-content\/uploads\/2024\/09\/kr-design_tablet.jpg","width":1600,"height":900,"caption":"LG-Design - Dein Home-Organizer"},{"@type":"BreadcrumbList","@id":"https:\/\/lg-design.de\/lgstaging\/#breadcrumb","itemListElement":[{"@type":"ListItem","position":1,"name":"Startseite","item":"https:\/\/lg-design.de\/lgstaging\/"},{"@type":"ListItem","position":2,"name":"Home"}]},{"@type":"WebSite","@id":"https:\/\/lg-design.de\/lgstaging\/#website","url":"https:\/\/lg-design.de\/lgstaging\/","name":"LG DESIGN - Dein Homeorganizer, Aufr\u00e4umcoach und Ordnungscoach","description":"Dein Home Organizer im Raum Stuttgart","publisher":{"@id":"https:\/\/lg-design.de\/lgstaging\/#organization"},"potentialAction":[{"@type":"SearchAction","target":{"@type":"EntryPoint","urlTemplate":"https:\/\/lg-design.de\/lgstaging\/?s={search_term_string}"},"query-input":{"@type":"PropertyValueSpecification","valueRequired":true,"valueName":"search_term_string"}}],"inLanguage":"de"},{"@type":"Organization","@id":"https:\/\/lg-design.de\/lgstaging\/#organization","name":"LG DESIGN - Dein Home Organizer","url":"https:\/\/lg-design.de\/lgstaging\/","logo":{"@type":"ImageObject","inLanguage":"de","@id":"https:\/\/lg-design.de\/lgstaging\/#\/schema\/logo\/image\/","url":"https:\/\/lg-design.org\/wp-content\/uploads\/2021\/09\/logo-square-green-light.jpg","contentUrl":"https:\/\/lg-design.org\/wp-content\/uploads\/2021\/09\/logo-square-green-light.jpg","width":1280,"height":1280,"caption":"LG DESIGN - Dein Home Organizer"},"image":{"@id":"https:\/\/lg-design.de\/lgstaging\/#\/schema\/logo\/image\/"},"sameAs":["https:\/\/www.facebook.com\/LG.Design.Home.Organizer","https:\/\/www.instagram.com\/lg.design.home.organizer\/"]}]}},"_links":{"self":[{"href":"https:\/\/lg-design.de\/lgstaging\/wp-json\/wp\/v2\/pages\/806","targetHints":{"allow":["GET"]}}],"collection":[{"href":"https:\/\/lg-design.de\/lgstaging\/wp-json\/wp\/v2\/pages"}],"about":[{"href":"https:\/\/lg-design.de\/lgstaging\/wp-json\/wp\/v2\/types\/page"}],"author":[{"embeddable":true,"href":"https:\/\/lg-design.de\/lgstaging\/wp-json\/wp\/v2\/users\/1"}],"replies":[{"embeddable":true,"href":"https:\/\/lg-design.de\/lgstaging\/wp-json\/wp\/v2\/comments?post=806"}],"version-history":[{"count":16,"href":"https:\/\/lg-design.de\/lgstaging\/wp-json\/wp\/v2\/pages\/806\/revisions"}],"predecessor-version":[{"id":1536,"href":"https:\/\/lg-design.de\/lgstaging\/wp-json\/wp\/v2\/pages\/806\/revisions\/1536"}],"wp:featuredmedia":[{"embeddable":true,"href":"https:\/\/lg-design.de\/lgstaging\/wp-json\/wp\/v2\/media\/1508"}],"wp:attachment":[{"href":"https:\/\/lg-design.de\/lgstaging\/wp-json\/wp\/v2\/media?parent=806"}],"curies":[{"name":"wp","href":"https:\/\/api.w.org\/{rel}","templated":true}]}}