{"id":1270,"date":"2022-01-05T17:04:02","date_gmt":"2022-01-05T17:04:02","guid":{"rendered":"https:\/\/lg-design.org\/?page_id=1270"},"modified":"2022-02-23T08:13:53","modified_gmt":"2022-02-23T08:13:53","slug":"presse","status":"publish","type":"page","link":"https:\/\/lg-design.de\/lgstaging\/presse\/","title":{"rendered":"Presse"},"content":{"rendered":"\n<p><em>Beitrag von Lilia G\u00e4rtner am 18.02.2022 in\u00a0<a href=\"https:\/\/ordnungswelt.com\/flur-stilvoll-einrichten\" target=\"_blank\" rel=\"noreferrer noopener\">Ordnungswelt.com<\/a><\/em><\/p>\n\n\n\n<h2 class=\"wp-block-heading\" id=\"den-eingangsbereich-stilvoll-einrichten\">Den Eingangsbereich stilvoll einrichten<\/h2>\n\n\n\n<h3 class=\"wp-block-heading\" id=\"warum-der-eingangsbereich-die-visitenkarte-deiner-wohnung-ist-und-wie-du-ihn-besser-gestalten-kannst\">Warum der Eingangsbereich die Visitenkarte Deiner Wohnung ist und wie Du ihn besser gestalten kannst<\/h3>\n\n\n\n<p>Den Eingangsbereich Einrichten ist eine Kunst \u2013 doch die M\u00fche lohnt sich, denn der Eingangsbereich ist die Visitenkarte jeder Wohnung. Hier empfangen wir unsere G\u00e4ste und man selbst durchquert ihn mehrmals am Tag.<\/p>\n\n\n\n<p>Doch leider wird der Eingangsbereich oft ganz vernachl\u00e4ssigt. <a href=\"https:\/\/lg-design.org\/ordnungstipps\/eingangsbereich-einrichten\/\">[&#8230;weiter lesen]<\/a><\/p>\n\n\n\n<figure class=\"wp-block-gallery has-nested-images columns-4 is-cropped wp-block-gallery-1 is-layout-flex wp-block-gallery-is-layout-flex\">\n<figure class=\"wp-block-image size-thumbnail\"><img decoding=\"async\" data-id=\"1307\" src=\"data:image\/gif;base64,R0lGODlhAQABAAAAACH5BAEKAAEALAAAAAABAAEAAAICTAEAOw==\" data-layzr=\"https:\/\/lg-design.org\/wp-content\/uploads\/2022\/02\/20211112_111234-150x150.jpg\" alt=\"\" class=\"wp-image-1307\"\/><\/figure>\n\n\n\n<figure class=\"wp-block-image size-thumbnail\"><img decoding=\"async\" data-id=\"1305\" src=\"data:image\/gif;base64,R0lGODlhAQABAAAAACH5BAEKAAEALAAAAAABAAEAAAICTAEAOw==\" data-layzr=\"https:\/\/lg-design.org\/wp-content\/uploads\/2022\/02\/20211112_111046-scaled-e1645212883930-150x150.jpg\" alt=\"\" class=\"wp-image-1305\"\/><\/figure>\n\n\n\n<figure class=\"wp-block-image size-thumbnail\"><img decoding=\"async\" data-id=\"1306\" src=\"data:image\/gif;base64,R0lGODlhAQABAAAAACH5BAEKAAEALAAAAAABAAEAAAICTAEAOw==\" data-layzr=\"https:\/\/lg-design.org\/wp-content\/uploads\/2022\/02\/20211112_111059-150x150.jpg\" alt=\"Ein sch\u00f6ner Eingangsbereich\" class=\"wp-image-1306\"\/><figcaption>Wie kann ich meinen Flur bzw Eingangsbereich stilvoll einrichten?<\/figcaption><\/figure>\n\n\n\n<figure class=\"wp-block-image size-thumbnail\"><img decoding=\"async\" data-id=\"1304\" src=\"data:image\/gif;base64,R0lGODlhAQABAAAAACH5BAEKAAEALAAAAAABAAEAAAICTAEAOw==\" data-layzr=\"https:\/\/lg-design.org\/wp-content\/uploads\/2022\/02\/20211112_110853-scaled-e1645212847993-150x150.jpg\" alt=\"\" class=\"wp-image-1304\"\/><\/figure>\n<\/figure>\n\n\n\n<hr class=\"wp-block-separator\"\/>\n\n\n\n<p><em>Artikel im <a href=\"http:\/\/tagblatt.de\/Nachrichten\/Home-Organizer-Wenn-alles-ueber-den-Kopf-waechst-529619.html\">Schw\u00e4bischen Tagblatt<\/a> vom 27.12.2021<\/em><\/p>\n\n\n\n<h2 class=\"wp-block-heading\">Wenn alles \u00fcber den Kopf w\u00e4chst<\/h2>\n\n\n\n<div class=\"wp-block-media-text alignwide is-stacked-on-mobile\" style=\"grid-template-columns:37% auto\"><figure class=\"wp-block-media-text__media\"><a href=\"https:\/\/lg-design.org\/wp-content\/uploads\/2022\/01\/yourbeef.jpg\"><img decoding=\"async\" src=\"data:image\/gif;base64,R0lGODlhAQABAAAAACH5BAEKAAEALAAAAAABAAEAAAICTAEAOw==\" data-layzr=\"https:\/\/lg-design.org\/wp-content\/uploads\/2022\/01\/yourbeef-1024x976.jpg\" alt=\"Bericht im Tagblatt \u00fcber Lilia G\u00e4rtner und LG DESIGN\" class=\"wp-image-1272 size-full\"\/><\/a><\/figure><div class=\"wp-block-media-text__content\">\n<p class=\"has-text-align-left\">Unordnung mag sie gar nicht. \u201eEgal, wo ich aufgetaucht bin, ich habe immer gleich was sortiert und strukturiert\u201c, sagt Lilia G\u00e4rtner. In ihrer Ausbildung zur Kauffrau f\u00fcr B\u00fcromanagement fragte die T\u00fcbingerin ihre Chefin, ob es auch Archive gebe, wo sie freiwillig Zeitschriften oder sonstige Schriftst\u00fccke sortieren w\u00fcrde. G\u00e4rtner: \u201eDa habe ich dann tonnenweise Zeugs geschreddert und war voll gl\u00fccklich.&#8220;<\/p>\n<\/div><\/div>\n\n\n\n<p><\/p>\n\n\n\n<p><\/p>\n\n\n\n<p>Als die 39-J\u00e4hrige im Fernsehen eine Sendung sah \u00fcber eine professionelle sogenannte Home Organizerin, eine Frau, die sich um die Organisation und die Strukturierung des Haushalts k\u00fcmmert, hatte sie ihr Metier gefunden. Sie informierte sich bei der Frau, einer Stewardess aus Frankfurt, die mit ihren Gewinnen auch Hilfsorganisationen und Umweltprojekte unterst\u00fctzen will. &#8222;Das hat mich echt beeindruckt&#8220;, sagt G\u00e4rtner.<\/p>\n\n\n\n<p>Die Mutter dreier Kinder nahm an Fortbildungen teil in diesem Berufsfeld und gr\u00fcndete daraufhin ihr eigenes Home Organizer-Unternehmen LG-Design: eines der wenigen im Gro\u00dfraum Stuttgart und das einzige in T\u00fcbingen. Das hei\u00dft: Sie sortiert, ordnet und gestaltet Wohn- und Arbeitsbereiche ihrer Kunden, \u201eum mehr Raum f\u00fcr die wirklich wichtigen Dinge im Leben zu schaffen\u201c, wie G\u00e4rtner sagt.<\/p>\n\n\n\n<p>Die oder der erste in der Region, welche sich in diesem Job versucht, ist Lilia G\u00e4rtner allerdings nicht. Viele gaben auf mit der Begr\u00fcndung, der Markt sei hierf\u00fcr nicht vorhanden. \u201eWeil es hier relativ neu ist, fehlten ihnen vielleicht Schulungen und Fortbildungen, die es mittlerweile gibt\u201c, sagt G\u00e4rtner, \u201eaber es stimmt, die Deutschen oder speziell die Schwaben sind eher zur\u00fcckhaltend, die Mentalit\u00e4t in den USA ist da anders, die sehen das als eine Dienstleistung an, die sie sich mal g\u00f6nnen.\u201c<\/p>\n\n\n\n<p>Ihre Zielgruppe seien grob formuliert \u201eerfolgreiche Frauen, die mitten im Beruf stehen und ihre Zeit nicht in den Haushalt investieren wollen oder k\u00f6nnen\u201c. Und diese Klientel sollte doch in einer Universit\u00e4tsstadt wie T\u00fcbingen vorhanden sein, sagt G\u00e4rtner: \u201eHier gibt es ja genug \u00c4rzte, Professoren, Unternehmer oder Gesch\u00e4ftsleute.\u201c<\/p>\n\n\n\n<blockquote class=\"wp-block-quote has-text-align-right is-layout-flow wp-block-quote-is-layout-flow\"><p>F\u00fcr erfolgreiche Frauen, die mitten im beruf stehen und ihre Zeit nicht in den Haushalt investieren wollen oder k\u00f6nnen.<\/p><cite>Lilia G\u00e4rtner<\/cite><\/blockquote>\n\n\n\n<p>J\u00fcngst habe sie \u00fcbers Internet eine Anfrage einer Ingenieurin bekommen, die zwei Wohnungen aufl\u00f6sen wollte. \u201eSie sagte, sie habe immer aus Koffern gelebt, und jetzt w\u00e4chst ihr alles \u00fcber den Kopf\u201c, berichtet G\u00e4rtner. Als Home Organizer gelte es dann, erst einmal die Wohnung auszusortieren: Die Schr\u00e4nke werden leerger\u00e4umt, um einen \u00dcberblick zu erschaffen. In Gespr\u00e4chen werde dann erfasst, was abgegeben werden kann.<\/p>\n\n\n\n<p>Anschlie\u00dfend soll Raum f\u00fcr mehr Ordnung geschaffen werden, Sachen werden kategorisiert und strukturiert. Und am Ende soll die Wohnung gestaltet werden. G\u00e4rtner: \u201eEin organisiertes Zuhause spart nicht nur Nerven und Zeit, sondern es kann auch der entscheidende Schritt zu mehr Leichtigkeit im Leben sein.<\/p>\n\n\n\n<p><a href=\"https:\/\/www.tagblatt.de\/Nachrichten\/Home-Organizer-Wenn-alles-ueber-den-Kopf-waechst-529619.html\">Quelle: Artikel im Schw\u00e4bischen Tagblatt vom 27.12.2021<\/a><\/p>\n","protected":false},"excerpt":{"rendered":"<p>Beitrag von Lilia G\u00e4rtner am 18.02.2022 in\u00a0Ordnungswelt.com Den Eingangsbereich stilvoll einrichten Warum der Eingangsbereich die Visitenkarte Deiner Wohnung ist und wie Du ihn besser gestalten kannst Den Eingangsbereich Einrichten ist eine Kunst \u2013 doch die M\u00fche lohnt sich, denn der Eingangsbereich ist die Visitenkarte jeder Wohnung. Hier empfangen wir unsere G\u00e4ste und man selbst durchquert &hellip; <\/p>\n","protected":false},"author":1,"featured_media":1272,"parent":0,"menu_order":0,"comment_status":"closed","ping_status":"closed","template":"","meta":{"footnotes":""},"class_list":["post-1270","page","type-page","status-publish","has-post-thumbnail","hentry","latest_post"],"yoast_head":"<!-- This site is optimized with the Yoast SEO plugin v27.4 - https:\/\/yoast.com\/product\/yoast-seo-wordpress\/ -->\n<title>Die Presse \u00fcber LG DESIGN<\/title>\n<meta name=\"description\" content=\"Presseberichte \u00fcber Lilia G\u00e4rtner und LG Design\" \/>\n<meta name=\"robots\" content=\"noindex, follow, max-snippet:-1, max-image-preview:large, max-video-preview:-1\" \/>\n<meta property=\"og:locale\" content=\"de_DE\" \/>\n<meta property=\"og:type\" content=\"article\" \/>\n<meta property=\"og:title\" content=\"Die Presse \u00fcber LG DESIGN\" \/>\n<meta property=\"og:description\" content=\"Presseberichte \u00fcber Lilia G\u00e4rtner und LG Design\" \/>\n<meta property=\"og:url\" content=\"https:\/\/lg-design.de\/lgstaging\/presse\/\" \/>\n<meta property=\"og:site_name\" content=\"LG DESIGN - Dein Homeorganizer, Aufr\u00e4umcoach und Ordnungscoach\" \/>\n<meta property=\"article:publisher\" content=\"https:\/\/www.facebook.com\/LG.Design.Home.Organizer\" \/>\n<meta property=\"article:modified_time\" content=\"2022-02-23T08:13:53+00:00\" \/>\n<meta property=\"og:image\" content=\"https:\/\/lg-design.de\/lgstaging\/wp-content\/uploads\/2022\/01\/yourbeef.jpg\" \/>\n\t<meta property=\"og:image:width\" content=\"1200\" \/>\n\t<meta property=\"og:image:height\" content=\"1144\" \/>\n\t<meta property=\"og:image:type\" content=\"image\/jpeg\" \/>\n<meta name=\"twitter:card\" content=\"summary_large_image\" \/>\n<meta name=\"twitter:label1\" content=\"Gesch\u00e4tzte Lesezeit\" \/>\n\t<meta name=\"twitter:data1\" content=\"4\u00a0Minuten\" \/>\n<script type=\"application\/ld+json\" class=\"yoast-schema-graph\">{\"@context\":\"https:\\\/\\\/schema.org\",\"@graph\":[{\"@type\":\"WebPage\",\"@id\":\"https:\\\/\\\/lg-design.de\\\/lgstaging\\\/presse\\\/\",\"url\":\"https:\\\/\\\/lg-design.de\\\/lgstaging\\\/presse\\\/\",\"name\":\"Die Presse \u00fcber LG DESIGN\",\"isPartOf\":{\"@id\":\"https:\\\/\\\/lg-design.de\\\/lgstaging\\\/#website\"},\"primaryImageOfPage\":{\"@id\":\"https:\\\/\\\/lg-design.de\\\/lgstaging\\\/presse\\\/#primaryimage\"},\"image\":{\"@id\":\"https:\\\/\\\/lg-design.de\\\/lgstaging\\\/presse\\\/#primaryimage\"},\"thumbnailUrl\":\"https:\\\/\\\/lg-design.de\\\/lgstaging\\\/wp-content\\\/uploads\\\/2022\\\/01\\\/yourbeef.jpg\",\"datePublished\":\"2022-01-05T17:04:02+00:00\",\"dateModified\":\"2022-02-23T08:13:53+00:00\",\"description\":\"Presseberichte \u00fcber Lilia G\u00e4rtner und LG Design\",\"breadcrumb\":{\"@id\":\"https:\\\/\\\/lg-design.de\\\/lgstaging\\\/presse\\\/#breadcrumb\"},\"inLanguage\":\"de\",\"potentialAction\":[{\"@type\":\"ReadAction\",\"target\":[\"https:\\\/\\\/lg-design.de\\\/lgstaging\\\/presse\\\/\"]}]},{\"@type\":\"ImageObject\",\"inLanguage\":\"de\",\"@id\":\"https:\\\/\\\/lg-design.de\\\/lgstaging\\\/presse\\\/#primaryimage\",\"url\":\"https:\\\/\\\/lg-design.de\\\/lgstaging\\\/wp-content\\\/uploads\\\/2022\\\/01\\\/yourbeef.jpg\",\"contentUrl\":\"https:\\\/\\\/lg-design.de\\\/lgstaging\\\/wp-content\\\/uploads\\\/2022\\\/01\\\/yourbeef.jpg\",\"width\":1200,\"height\":1144,\"caption\":\"Bericht im Tagblatt \u00fcber Lilia G\u00e4rtner und LG DESIGN\"},{\"@type\":\"BreadcrumbList\",\"@id\":\"https:\\\/\\\/lg-design.de\\\/lgstaging\\\/presse\\\/#breadcrumb\",\"itemListElement\":[{\"@type\":\"ListItem\",\"position\":1,\"name\":\"Startseite\",\"item\":\"https:\\\/\\\/lg-design.de\\\/lgstaging\\\/\"},{\"@type\":\"ListItem\",\"position\":2,\"name\":\"Presse\"}]},{\"@type\":\"WebSite\",\"@id\":\"https:\\\/\\\/lg-design.de\\\/lgstaging\\\/#website\",\"url\":\"https:\\\/\\\/lg-design.de\\\/lgstaging\\\/\",\"name\":\"LG DESIGN - Dein Homeorganizer, Aufr\u00e4umcoach und Ordnungscoach\",\"description\":\"Dein Home Organizer im Raum Stuttgart\",\"publisher\":{\"@id\":\"https:\\\/\\\/lg-design.de\\\/lgstaging\\\/#organization\"},\"potentialAction\":[{\"@type\":\"SearchAction\",\"target\":{\"@type\":\"EntryPoint\",\"urlTemplate\":\"https:\\\/\\\/lg-design.de\\\/lgstaging\\\/?s={search_term_string}\"},\"query-input\":{\"@type\":\"PropertyValueSpecification\",\"valueRequired\":true,\"valueName\":\"search_term_string\"}}],\"inLanguage\":\"de\"},{\"@type\":\"Organization\",\"@id\":\"https:\\\/\\\/lg-design.de\\\/lgstaging\\\/#organization\",\"name\":\"LG DESIGN - Dein Home Organizer\",\"url\":\"https:\\\/\\\/lg-design.de\\\/lgstaging\\\/\",\"logo\":{\"@type\":\"ImageObject\",\"inLanguage\":\"de\",\"@id\":\"https:\\\/\\\/lg-design.de\\\/lgstaging\\\/#\\\/schema\\\/logo\\\/image\\\/\",\"url\":\"https:\\\/\\\/lg-design.org\\\/wp-content\\\/uploads\\\/2021\\\/09\\\/logo-square-green-light.jpg\",\"contentUrl\":\"https:\\\/\\\/lg-design.org\\\/wp-content\\\/uploads\\\/2021\\\/09\\\/logo-square-green-light.jpg\",\"width\":1280,\"height\":1280,\"caption\":\"LG DESIGN - Dein Home Organizer\"},\"image\":{\"@id\":\"https:\\\/\\\/lg-design.de\\\/lgstaging\\\/#\\\/schema\\\/logo\\\/image\\\/\"},\"sameAs\":[\"https:\\\/\\\/www.facebook.com\\\/LG.Design.Home.Organizer\",\"https:\\\/\\\/www.instagram.com\\\/lg.design.home.organizer\\\/\"]}]}<\/script>\n<!-- \/ Yoast SEO plugin. -->","yoast_head_json":{"title":"Die Presse \u00fcber LG DESIGN","description":"Presseberichte \u00fcber Lilia G\u00e4rtner und LG Design","robots":{"index":"noindex","follow":"follow","max-snippet":"max-snippet:-1","max-image-preview":"max-image-preview:large","max-video-preview":"max-video-preview:-1"},"og_locale":"de_DE","og_type":"article","og_title":"Die Presse \u00fcber LG DESIGN","og_description":"Presseberichte \u00fcber Lilia G\u00e4rtner und LG Design","og_url":"https:\/\/lg-design.de\/lgstaging\/presse\/","og_site_name":"LG DESIGN - Dein Homeorganizer, Aufr\u00e4umcoach und Ordnungscoach","article_publisher":"https:\/\/www.facebook.com\/LG.Design.Home.Organizer","article_modified_time":"2022-02-23T08:13:53+00:00","og_image":[{"width":1200,"height":1144,"url":"https:\/\/lg-design.de\/lgstaging\/wp-content\/uploads\/2022\/01\/yourbeef.jpg","type":"image\/jpeg"}],"twitter_card":"summary_large_image","twitter_misc":{"Gesch\u00e4tzte Lesezeit":"4\u00a0Minuten"},"schema":{"@context":"https:\/\/schema.org","@graph":[{"@type":"WebPage","@id":"https:\/\/lg-design.de\/lgstaging\/presse\/","url":"https:\/\/lg-design.de\/lgstaging\/presse\/","name":"Die Presse \u00fcber LG DESIGN","isPartOf":{"@id":"https:\/\/lg-design.de\/lgstaging\/#website"},"primaryImageOfPage":{"@id":"https:\/\/lg-design.de\/lgstaging\/presse\/#primaryimage"},"image":{"@id":"https:\/\/lg-design.de\/lgstaging\/presse\/#primaryimage"},"thumbnailUrl":"https:\/\/lg-design.de\/lgstaging\/wp-content\/uploads\/2022\/01\/yourbeef.jpg","datePublished":"2022-01-05T17:04:02+00:00","dateModified":"2022-02-23T08:13:53+00:00","description":"Presseberichte \u00fcber Lilia G\u00e4rtner und LG Design","breadcrumb":{"@id":"https:\/\/lg-design.de\/lgstaging\/presse\/#breadcrumb"},"inLanguage":"de","potentialAction":[{"@type":"ReadAction","target":["https:\/\/lg-design.de\/lgstaging\/presse\/"]}]},{"@type":"ImageObject","inLanguage":"de","@id":"https:\/\/lg-design.de\/lgstaging\/presse\/#primaryimage","url":"https:\/\/lg-design.de\/lgstaging\/wp-content\/uploads\/2022\/01\/yourbeef.jpg","contentUrl":"https:\/\/lg-design.de\/lgstaging\/wp-content\/uploads\/2022\/01\/yourbeef.jpg","width":1200,"height":1144,"caption":"Bericht im Tagblatt \u00fcber Lilia G\u00e4rtner und LG DESIGN"},{"@type":"BreadcrumbList","@id":"https:\/\/lg-design.de\/lgstaging\/presse\/#breadcrumb","itemListElement":[{"@type":"ListItem","position":1,"name":"Startseite","item":"https:\/\/lg-design.de\/lgstaging\/"},{"@type":"ListItem","position":2,"name":"Presse"}]},{"@type":"WebSite","@id":"https:\/\/lg-design.de\/lgstaging\/#website","url":"https:\/\/lg-design.de\/lgstaging\/","name":"LG DESIGN - Dein Homeorganizer, Aufr\u00e4umcoach und Ordnungscoach","description":"Dein Home Organizer im Raum Stuttgart","publisher":{"@id":"https:\/\/lg-design.de\/lgstaging\/#organization"},"potentialAction":[{"@type":"SearchAction","target":{"@type":"EntryPoint","urlTemplate":"https:\/\/lg-design.de\/lgstaging\/?s={search_term_string}"},"query-input":{"@type":"PropertyValueSpecification","valueRequired":true,"valueName":"search_term_string"}}],"inLanguage":"de"},{"@type":"Organization","@id":"https:\/\/lg-design.de\/lgstaging\/#organization","name":"LG DESIGN - Dein Home Organizer","url":"https:\/\/lg-design.de\/lgstaging\/","logo":{"@type":"ImageObject","inLanguage":"de","@id":"https:\/\/lg-design.de\/lgstaging\/#\/schema\/logo\/image\/","url":"https:\/\/lg-design.org\/wp-content\/uploads\/2021\/09\/logo-square-green-light.jpg","contentUrl":"https:\/\/lg-design.org\/wp-content\/uploads\/2021\/09\/logo-square-green-light.jpg","width":1280,"height":1280,"caption":"LG DESIGN - Dein Home Organizer"},"image":{"@id":"https:\/\/lg-design.de\/lgstaging\/#\/schema\/logo\/image\/"},"sameAs":["https:\/\/www.facebook.com\/LG.Design.Home.Organizer","https:\/\/www.instagram.com\/lg.design.home.organizer\/"]}]}},"_links":{"self":[{"href":"https:\/\/lg-design.de\/lgstaging\/wp-json\/wp\/v2\/pages\/1270","targetHints":{"allow":["GET"]}}],"collection":[{"href":"https:\/\/lg-design.de\/lgstaging\/wp-json\/wp\/v2\/pages"}],"about":[{"href":"https:\/\/lg-design.de\/lgstaging\/wp-json\/wp\/v2\/types\/page"}],"author":[{"embeddable":true,"href":"https:\/\/lg-design.de\/lgstaging\/wp-json\/wp\/v2\/users\/1"}],"replies":[{"embeddable":true,"href":"https:\/\/lg-design.de\/lgstaging\/wp-json\/wp\/v2\/comments?post=1270"}],"version-history":[{"count":13,"href":"https:\/\/lg-design.de\/lgstaging\/wp-json\/wp\/v2\/pages\/1270\/revisions"}],"predecessor-version":[{"id":1317,"href":"https:\/\/lg-design.de\/lgstaging\/wp-json\/wp\/v2\/pages\/1270\/revisions\/1317"}],"wp:featuredmedia":[{"embeddable":true,"href":"https:\/\/lg-design.de\/lgstaging\/wp-json\/wp\/v2\/media\/1272"}],"wp:attachment":[{"href":"https:\/\/lg-design.de\/lgstaging\/wp-json\/wp\/v2\/media?parent=1270"}],"curies":[{"name":"wp","href":"https:\/\/api.w.org\/{rel}","templated":true}]}}