{"id":1163,"date":"2021-11-26T22:42:32","date_gmt":"2021-11-26T22:42:32","guid":{"rendered":"https:\/\/lg-design.org\/?page_id=1163"},"modified":"2021-11-26T22:46:51","modified_gmt":"2021-11-26T22:46:51","slug":"kontakt","status":"publish","type":"page","link":"https:\/\/lg-design.de\/lgstaging\/kontakt\/","title":{"rendered":"Kontakt"},"content":{"rendered":"<section id=\"custom_html-12\" class=\"widget_text widget widget_custom_html\">\n<div class=\"textwidget custom-html-widget\">\n<h2 class=\"widget-title\">Buche jetzt Dein kostenloses Erstgespr\u00e4ch<\/h2>\n<div class=\"textwidget custom-html-widget\">\n<p>Du m\u00f6chtest Zuhause wieder <strong>Freiraum<\/strong>, um zu <strong>tr\u00e4umen<\/strong>, zu <strong>genie\u00dfen<\/strong> und Dich <strong>wohlzuf\u00fchlen<\/strong>? Dann mache noch heute den ersten Schritt zur Ver\u00e4nderung. Buche Dein kostenloses Erstgespr\u00e4ch! In dem bis zu 30 Min\u00fctigen Telefonat finden wir heraus, was das <b>passende Angebot<\/b>\u00a0f\u00fcr Dich ist und wie wir Dir am besten helfen k\u00f6nnen.<\/p>\n<\/div>\n<ol>\n<li style=\"list-style-type: none;\"><\/li>\n<\/ol>\n<\/div>\n<\/section>\n<section id=\"custom_html-21\" class=\"widget_text widget widget_custom_html\">\n<div class=\"textwidget custom-html-widget\">Mache heute noch den ersten Schritt zur Ver\u00e4nderung!<\/div>\n<\/section>\n\n<div class=\"wpcf7 no-js\" id=\"wpcf7-f56-o1\" lang=\"de-DE\" dir=\"ltr\" data-wpcf7-id=\"56\">\n<div class=\"screen-reader-response\"><p role=\"status\" aria-live=\"polite\" aria-atomic=\"true\"><\/p> <ul><\/ul><\/div>\n<form action=\"\/lgstaging\/wp-json\/wp\/v2\/pages\/1163#wpcf7-f56-o1\" method=\"post\" class=\"wpcf7-form init\" aria-label=\"Kontaktformular\" novalidate=\"novalidate\" data-status=\"init\">\n<fieldset class=\"hidden-fields-container\"><input type=\"hidden\" name=\"_wpcf7\" value=\"56\" \/><input type=\"hidden\" name=\"_wpcf7_version\" value=\"6.1.5\" \/><input type=\"hidden\" name=\"_wpcf7_locale\" value=\"de_DE\" \/><input type=\"hidden\" name=\"_wpcf7_unit_tag\" value=\"wpcf7-f56-o1\" \/><input type=\"hidden\" name=\"_wpcf7_container_post\" value=\"0\" \/><input type=\"hidden\" name=\"_wpcf7_posted_data_hash\" value=\"\" \/>\n<\/fieldset>\n<p><label> Dein Name<br \/>\n<span class=\"wpcf7-form-control-wrap\" data-name=\"your-name\"><input size=\"40\" maxlength=\"400\" class=\"wpcf7-form-control wpcf7-text wpcf7-validates-as-required\" aria-required=\"true\" aria-invalid=\"false\" value=\"\" type=\"text\" name=\"your-name\" \/><\/span> <\/label>\n<\/p>\n<p><label> Deine E-Mail-Adresse<br \/>\n<span class=\"wpcf7-form-control-wrap\" data-name=\"email-147\"><input size=\"40\" maxlength=\"400\" class=\"wpcf7-form-control wpcf7-email wpcf7-validates-as-required wpcf7-text wpcf7-validates-as-email\" aria-required=\"true\" aria-invalid=\"false\" placeholder=\"Email\" value=\"\" type=\"email\" name=\"email-147\" \/><\/span> <\/label>\n<\/p>\n<p><label> Betreff<br \/>\n<span class=\"wpcf7-form-control-wrap\" data-name=\"your-subject\"><input size=\"40\" maxlength=\"400\" class=\"wpcf7-form-control wpcf7-text wpcf7-validates-as-required\" aria-required=\"true\" aria-invalid=\"false\" value=\"Kostenloses Erstgespr\u00e4ch\" type=\"text\" name=\"your-subject\" \/><\/span> <\/label>\n<\/p>\n<p><label> Deine Telefonnummer<br \/>\n<span class=\"wpcf7-form-control-wrap\" data-name=\"tel-161\"><input size=\"40\" maxlength=\"400\" class=\"wpcf7-form-control wpcf7-tel wpcf7-text wpcf7-validates-as-tel\" aria-invalid=\"false\" placeholder=\"Telefonnummer\" value=\"\" type=\"tel\" name=\"tel-161\" \/><\/span> <\/label>\n<\/p>\n<p><label> Deine Bewerbung<br \/>\n<span class=\"wpcf7-form-control-wrap\" data-name=\"your-message\"><textarea cols=\"40\" rows=\"10\" maxlength=\"2000\" class=\"wpcf7-form-control wpcf7-textarea\" aria-invalid=\"false\" name=\"your-message\"><\/textarea><\/span> <\/label>\n<\/p>\n<p><input class=\"wpcf7-form-control wpcf7-submit has-spinner\" type=\"submit\" value=\"Senden\" \/>\n<\/p><p style=\"display: none !important;\" class=\"akismet-fields-container\" data-prefix=\"_wpcf7_ak_\"><label>&#916;<textarea name=\"_wpcf7_ak_hp_textarea\" cols=\"45\" rows=\"8\" maxlength=\"100\"><\/textarea><\/label><input type=\"hidden\" id=\"ak_js_1\" name=\"_wpcf7_ak_js\" value=\"114\"\/><script>document.getElementById( \"ak_js_1\" ).setAttribute( \"value\", ( new Date() ).getTime() );<\/script><\/p><div class=\"wpcf7-response-output\" aria-hidden=\"true\"><\/div>\n<\/form>\n<\/div>\n\n","protected":false},"excerpt":{"rendered":"<p>Buche jetzt Dein kostenloses Erstgespr\u00e4ch Du m\u00f6chtest Zuhause wieder Freiraum, um zu tr\u00e4umen, zu genie\u00dfen und Dich wohlzuf\u00fchlen? Dann mache noch heute den ersten Schritt zur Ver\u00e4nderung. Buche Dein kostenloses Erstgespr\u00e4ch! In dem bis zu 30 Min\u00fctigen Telefonat finden wir heraus, was das passende Angebot\u00a0f\u00fcr Dich ist und wie wir Dir am besten helfen k\u00f6nnen. &hellip; <\/p>\n","protected":false},"author":1,"featured_media":42,"parent":0,"menu_order":0,"comment_status":"closed","ping_status":"closed","template":"","meta":{"footnotes":""},"class_list":["post-1163","page","type-page","status-publish","has-post-thumbnail","hentry","latest_post"],"yoast_head":"<!-- This site is optimized with the Yoast SEO plugin v27.4 - https:\/\/yoast.com\/product\/yoast-seo-wordpress\/ -->\n<title>Aufr\u00e4umcoach buchen - kostenloses Erstgespr\u00e4ch<\/title>\n<meta name=\"description\" content=\"Dein Kontakt zu Deinem Aufr\u00e4umcoach - buche jetzt Dein kostenloses Erstgespr\u00e4ch!\" \/>\n<meta name=\"robots\" content=\"noindex, follow, max-snippet:-1, max-image-preview:large, max-video-preview:-1\" \/>\n<meta property=\"og:locale\" content=\"de_DE\" \/>\n<meta property=\"og:type\" content=\"article\" \/>\n<meta property=\"og:title\" content=\"Aufr\u00e4umcoach buchen - kostenloses Erstgespr\u00e4ch\" \/>\n<meta property=\"og:description\" content=\"Dein Kontakt zu Deinem Aufr\u00e4umcoach - buche jetzt Dein kostenloses Erstgespr\u00e4ch!\" \/>\n<meta property=\"og:url\" content=\"https:\/\/lg-design.de\/lgstaging\/kontakt\/\" \/>\n<meta property=\"og:site_name\" content=\"LG DESIGN - Dein Homeorganizer, Aufr\u00e4umcoach und Ordnungscoach\" \/>\n<meta property=\"article:publisher\" content=\"https:\/\/www.facebook.com\/LG.Design.Home.Organizer\" \/>\n<meta property=\"article:modified_time\" content=\"2021-11-26T22:46:51+00:00\" \/>\n<meta property=\"og:image\" content=\"https:\/\/lg-design.de\/lgstaging\/wp-content\/uploads\/2021\/09\/pexels-mikhail-nilov-6893329-scaled.jpg\" \/>\n\t<meta property=\"og:image:width\" content=\"2560\" \/>\n\t<meta property=\"og:image:height\" content=\"1707\" \/>\n\t<meta property=\"og:image:type\" content=\"image\/jpeg\" \/>\n<meta name=\"twitter:card\" content=\"summary_large_image\" \/>\n<script type=\"application\/ld+json\" class=\"yoast-schema-graph\">{\"@context\":\"https:\\\/\\\/schema.org\",\"@graph\":[{\"@type\":\"WebPage\",\"@id\":\"https:\\\/\\\/lg-design.de\\\/lgstaging\\\/kontakt\\\/\",\"url\":\"https:\\\/\\\/lg-design.de\\\/lgstaging\\\/kontakt\\\/\",\"name\":\"Aufr\u00e4umcoach buchen - kostenloses Erstgespr\u00e4ch\",\"isPartOf\":{\"@id\":\"https:\\\/\\\/lg-design.de\\\/lgstaging\\\/#website\"},\"primaryImageOfPage\":{\"@id\":\"https:\\\/\\\/lg-design.de\\\/lgstaging\\\/kontakt\\\/#primaryimage\"},\"image\":{\"@id\":\"https:\\\/\\\/lg-design.de\\\/lgstaging\\\/kontakt\\\/#primaryimage\"},\"thumbnailUrl\":\"https:\\\/\\\/lg-design.de\\\/lgstaging\\\/wp-content\\\/uploads\\\/2021\\\/09\\\/pexels-mikhail-nilov-6893329-scaled.jpg\",\"datePublished\":\"2021-11-26T22:42:32+00:00\",\"dateModified\":\"2021-11-26T22:46:51+00:00\",\"description\":\"Dein Kontakt zu Deinem Aufr\u00e4umcoach - buche jetzt Dein kostenloses Erstgespr\u00e4ch!\",\"breadcrumb\":{\"@id\":\"https:\\\/\\\/lg-design.de\\\/lgstaging\\\/kontakt\\\/#breadcrumb\"},\"inLanguage\":\"de\",\"potentialAction\":[{\"@type\":\"ReadAction\",\"target\":[\"https:\\\/\\\/lg-design.de\\\/lgstaging\\\/kontakt\\\/\"]}]},{\"@type\":\"ImageObject\",\"inLanguage\":\"de\",\"@id\":\"https:\\\/\\\/lg-design.de\\\/lgstaging\\\/kontakt\\\/#primaryimage\",\"url\":\"https:\\\/\\\/lg-design.de\\\/lgstaging\\\/wp-content\\\/uploads\\\/2021\\\/09\\\/pexels-mikhail-nilov-6893329-scaled.jpg\",\"contentUrl\":\"https:\\\/\\\/lg-design.de\\\/lgstaging\\\/wp-content\\\/uploads\\\/2021\\\/09\\\/pexels-mikhail-nilov-6893329-scaled.jpg\",\"width\":2560,\"height\":1707,\"caption\":\"Buche jetzt Dein kostenloses Erstgespr\u00e4ch mit Deinem Aufr\u00e4umcoach\"},{\"@type\":\"BreadcrumbList\",\"@id\":\"https:\\\/\\\/lg-design.de\\\/lgstaging\\\/kontakt\\\/#breadcrumb\",\"itemListElement\":[{\"@type\":\"ListItem\",\"position\":1,\"name\":\"Startseite\",\"item\":\"https:\\\/\\\/lg-design.de\\\/lgstaging\\\/\"},{\"@type\":\"ListItem\",\"position\":2,\"name\":\"Kontakt\"}]},{\"@type\":\"WebSite\",\"@id\":\"https:\\\/\\\/lg-design.de\\\/lgstaging\\\/#website\",\"url\":\"https:\\\/\\\/lg-design.de\\\/lgstaging\\\/\",\"name\":\"LG DESIGN - Dein Homeorganizer, Aufr\u00e4umcoach und Ordnungscoach\",\"description\":\"Dein Home Organizer im Raum Stuttgart\",\"publisher\":{\"@id\":\"https:\\\/\\\/lg-design.de\\\/lgstaging\\\/#organization\"},\"potentialAction\":[{\"@type\":\"SearchAction\",\"target\":{\"@type\":\"EntryPoint\",\"urlTemplate\":\"https:\\\/\\\/lg-design.de\\\/lgstaging\\\/?s={search_term_string}\"},\"query-input\":{\"@type\":\"PropertyValueSpecification\",\"valueRequired\":true,\"valueName\":\"search_term_string\"}}],\"inLanguage\":\"de\"},{\"@type\":\"Organization\",\"@id\":\"https:\\\/\\\/lg-design.de\\\/lgstaging\\\/#organization\",\"name\":\"LG DESIGN - Dein Home Organizer\",\"url\":\"https:\\\/\\\/lg-design.de\\\/lgstaging\\\/\",\"logo\":{\"@type\":\"ImageObject\",\"inLanguage\":\"de\",\"@id\":\"https:\\\/\\\/lg-design.de\\\/lgstaging\\\/#\\\/schema\\\/logo\\\/image\\\/\",\"url\":\"https:\\\/\\\/lg-design.org\\\/wp-content\\\/uploads\\\/2021\\\/09\\\/logo-square-green-light.jpg\",\"contentUrl\":\"https:\\\/\\\/lg-design.org\\\/wp-content\\\/uploads\\\/2021\\\/09\\\/logo-square-green-light.jpg\",\"width\":1280,\"height\":1280,\"caption\":\"LG DESIGN - Dein Home Organizer\"},\"image\":{\"@id\":\"https:\\\/\\\/lg-design.de\\\/lgstaging\\\/#\\\/schema\\\/logo\\\/image\\\/\"},\"sameAs\":[\"https:\\\/\\\/www.facebook.com\\\/LG.Design.Home.Organizer\",\"https:\\\/\\\/www.instagram.com\\\/lg.design.home.organizer\\\/\"]}]}<\/script>\n<!-- \/ Yoast SEO plugin. -->","yoast_head_json":{"title":"Aufr\u00e4umcoach buchen - kostenloses Erstgespr\u00e4ch","description":"Dein Kontakt zu Deinem Aufr\u00e4umcoach - buche jetzt Dein kostenloses Erstgespr\u00e4ch!","robots":{"index":"noindex","follow":"follow","max-snippet":"max-snippet:-1","max-image-preview":"max-image-preview:large","max-video-preview":"max-video-preview:-1"},"og_locale":"de_DE","og_type":"article","og_title":"Aufr\u00e4umcoach buchen - kostenloses Erstgespr\u00e4ch","og_description":"Dein Kontakt zu Deinem Aufr\u00e4umcoach - buche jetzt Dein kostenloses Erstgespr\u00e4ch!","og_url":"https:\/\/lg-design.de\/lgstaging\/kontakt\/","og_site_name":"LG DESIGN - Dein Homeorganizer, Aufr\u00e4umcoach und Ordnungscoach","article_publisher":"https:\/\/www.facebook.com\/LG.Design.Home.Organizer","article_modified_time":"2021-11-26T22:46:51+00:00","og_image":[{"width":2560,"height":1707,"url":"https:\/\/lg-design.de\/lgstaging\/wp-content\/uploads\/2021\/09\/pexels-mikhail-nilov-6893329-scaled.jpg","type":"image\/jpeg"}],"twitter_card":"summary_large_image","schema":{"@context":"https:\/\/schema.org","@graph":[{"@type":"WebPage","@id":"https:\/\/lg-design.de\/lgstaging\/kontakt\/","url":"https:\/\/lg-design.de\/lgstaging\/kontakt\/","name":"Aufr\u00e4umcoach buchen - kostenloses Erstgespr\u00e4ch","isPartOf":{"@id":"https:\/\/lg-design.de\/lgstaging\/#website"},"primaryImageOfPage":{"@id":"https:\/\/lg-design.de\/lgstaging\/kontakt\/#primaryimage"},"image":{"@id":"https:\/\/lg-design.de\/lgstaging\/kontakt\/#primaryimage"},"thumbnailUrl":"https:\/\/lg-design.de\/lgstaging\/wp-content\/uploads\/2021\/09\/pexels-mikhail-nilov-6893329-scaled.jpg","datePublished":"2021-11-26T22:42:32+00:00","dateModified":"2021-11-26T22:46:51+00:00","description":"Dein Kontakt zu Deinem Aufr\u00e4umcoach - buche jetzt Dein kostenloses Erstgespr\u00e4ch!","breadcrumb":{"@id":"https:\/\/lg-design.de\/lgstaging\/kontakt\/#breadcrumb"},"inLanguage":"de","potentialAction":[{"@type":"ReadAction","target":["https:\/\/lg-design.de\/lgstaging\/kontakt\/"]}]},{"@type":"ImageObject","inLanguage":"de","@id":"https:\/\/lg-design.de\/lgstaging\/kontakt\/#primaryimage","url":"https:\/\/lg-design.de\/lgstaging\/wp-content\/uploads\/2021\/09\/pexels-mikhail-nilov-6893329-scaled.jpg","contentUrl":"https:\/\/lg-design.de\/lgstaging\/wp-content\/uploads\/2021\/09\/pexels-mikhail-nilov-6893329-scaled.jpg","width":2560,"height":1707,"caption":"Buche jetzt Dein kostenloses Erstgespr\u00e4ch mit Deinem Aufr\u00e4umcoach"},{"@type":"BreadcrumbList","@id":"https:\/\/lg-design.de\/lgstaging\/kontakt\/#breadcrumb","itemListElement":[{"@type":"ListItem","position":1,"name":"Startseite","item":"https:\/\/lg-design.de\/lgstaging\/"},{"@type":"ListItem","position":2,"name":"Kontakt"}]},{"@type":"WebSite","@id":"https:\/\/lg-design.de\/lgstaging\/#website","url":"https:\/\/lg-design.de\/lgstaging\/","name":"LG DESIGN - Dein Homeorganizer, Aufr\u00e4umcoach und Ordnungscoach","description":"Dein Home Organizer im Raum Stuttgart","publisher":{"@id":"https:\/\/lg-design.de\/lgstaging\/#organization"},"potentialAction":[{"@type":"SearchAction","target":{"@type":"EntryPoint","urlTemplate":"https:\/\/lg-design.de\/lgstaging\/?s={search_term_string}"},"query-input":{"@type":"PropertyValueSpecification","valueRequired":true,"valueName":"search_term_string"}}],"inLanguage":"de"},{"@type":"Organization","@id":"https:\/\/lg-design.de\/lgstaging\/#organization","name":"LG DESIGN - Dein Home Organizer","url":"https:\/\/lg-design.de\/lgstaging\/","logo":{"@type":"ImageObject","inLanguage":"de","@id":"https:\/\/lg-design.de\/lgstaging\/#\/schema\/logo\/image\/","url":"https:\/\/lg-design.org\/wp-content\/uploads\/2021\/09\/logo-square-green-light.jpg","contentUrl":"https:\/\/lg-design.org\/wp-content\/uploads\/2021\/09\/logo-square-green-light.jpg","width":1280,"height":1280,"caption":"LG DESIGN - Dein Home Organizer"},"image":{"@id":"https:\/\/lg-design.de\/lgstaging\/#\/schema\/logo\/image\/"},"sameAs":["https:\/\/www.facebook.com\/LG.Design.Home.Organizer","https:\/\/www.instagram.com\/lg.design.home.organizer\/"]}]}},"_links":{"self":[{"href":"https:\/\/lg-design.de\/lgstaging\/wp-json\/wp\/v2\/pages\/1163","targetHints":{"allow":["GET"]}}],"collection":[{"href":"https:\/\/lg-design.de\/lgstaging\/wp-json\/wp\/v2\/pages"}],"about":[{"href":"https:\/\/lg-design.de\/lgstaging\/wp-json\/wp\/v2\/types\/page"}],"author":[{"embeddable":true,"href":"https:\/\/lg-design.de\/lgstaging\/wp-json\/wp\/v2\/users\/1"}],"replies":[{"embeddable":true,"href":"https:\/\/lg-design.de\/lgstaging\/wp-json\/wp\/v2\/comments?post=1163"}],"version-history":[{"count":3,"href":"https:\/\/lg-design.de\/lgstaging\/wp-json\/wp\/v2\/pages\/1163\/revisions"}],"predecessor-version":[{"id":1343,"href":"https:\/\/lg-design.de\/lgstaging\/wp-json\/wp\/v2\/pages\/1163\/revisions\/1343"}],"wp:featuredmedia":[{"embeddable":true,"href":"https:\/\/lg-design.de\/lgstaging\/wp-json\/wp\/v2\/media\/42"}],"wp:attachment":[{"href":"https:\/\/lg-design.de\/lgstaging\/wp-json\/wp\/v2\/media?parent=1163"}],"curies":[{"name":"wp","href":"https:\/\/api.w.org\/{rel}","templated":true}]}}